{"id":93,"date":"2026-02-08T17:12:57","date_gmt":"2026-02-08T17:12:57","guid":{"rendered":"https:\/\/anahiogona.fpcei.eu\/?page_id=93"},"modified":"2026-02-28T20:42:32","modified_gmt":"2026-02-28T20:42:32","slug":"patines","status":"publish","type":"page","link":"https:\/\/anahiogona.fpcei.eu\/?page_id=93","title":{"rendered":"Patines"},"content":{"rendered":"\n<h2 class=\"wp-block-heading\">Patines para principiantes:<\/h2>\n\n\n\n<div class=\"wp-block-media-text alignwide is-stacked-on-mobile\" style=\"grid-template-columns:27% auto\"><figure class=\"wp-block-media-text__media\"><img loading=\"lazy\" decoding=\"async\" width=\"424\" height=\"469\" src=\"https:\/\/anahiogona.fpcei.eu\/wp-content\/uploads\/2026\/02\/Captura-de-pantalla-2026-02-08-175835.png\" alt=\"\" class=\"wp-image-94 size-full\" srcset=\"https:\/\/anahiogona.fpcei.eu\/wp-content\/uploads\/2026\/02\/Captura-de-pantalla-2026-02-08-175835.png 424w, https:\/\/anahiogona.fpcei.eu\/wp-content\/uploads\/2026\/02\/Captura-de-pantalla-2026-02-08-175835-271x300.png 271w\" sizes=\"auto, (max-width: 424px) 100vw, 424px\" \/><\/figure><div class=\"wp-block-media-text__content\">\n<p>Suelen venir botas y cuchillas ya montadas. Donde la bota es m\u00e1s blanda para que el pie no sufra y sea m\u00e1s f\u00e1cil aprender. Estas no est\u00e1n pensadas para saltos grandes, solo para aprender a deslizar, frenar y hacer figuras b\u00e1sicas, por lo tanto son m\u00e1s econ\u00f3micos y ideales para ni\u00f1os o adultos que empiezan clases de iniciaci\u00f3n.<\/p>\n\n\n\n<p><strong><em>Caracter\u00edsticas t\u00edpicas:<\/em><\/strong><\/p>\n\n\n\n<p>-Peso ligero.<\/p>\n\n\n\n<p>-Bota c\u00f3moda y flexible.<\/p>\n\n\n\n<p>-Cuchilla sencilla, sin gran afilado.<\/p>\n<\/div><\/div>\n\n\n\n<h2 class=\"wp-block-heading has-text-align-right\">Patines de nivel intermedio:<\/h2>\n\n\n\n<div class=\"wp-block-media-text alignwide has-media-on-the-right is-stacked-on-mobile\" style=\"grid-template-columns:auto 30%\"><div class=\"wp-block-media-text__content\">\n<p>La bota ya es m\u00e1s r\u00edgida para soportar saltos simples (salchow, toe loop). Donde las cuchillas suelen ser de mejor calidad y permiten m\u00e1s precisi\u00f3n. A veces se venden por separado (bota + cuchilla), pero tambi\u00e9n pueden venir montados.<\/p>\n\n\n\n<p><strong><em>Caracter\u00edsticas t\u00edpicas:<\/em><\/strong><\/p>\n\n\n\n<p>-Materiales m\u00e1s resistentes.<\/p>\n\n\n\n<p>-Mayor sujeci\u00f3n del tobillo.<\/p>\n\n\n\n<p>-Cuchilla con mejor agarre.<\/p>\n<\/div><figure class=\"wp-block-media-text__media\"><img loading=\"lazy\" decoding=\"async\" width=\"896\" height=\"1024\" src=\"https:\/\/anahiogona.fpcei.eu\/wp-content\/uploads\/2026\/02\/jackson-artiste-set-896x1024.jpg\" alt=\"\" class=\"wp-image-95 size-full\" srcset=\"https:\/\/anahiogona.fpcei.eu\/wp-content\/uploads\/2026\/02\/jackson-artiste-set-896x1024.jpg 896w, https:\/\/anahiogona.fpcei.eu\/wp-content\/uploads\/2026\/02\/jackson-artiste-set-262x300.jpg 262w, https:\/\/anahiogona.fpcei.eu\/wp-content\/uploads\/2026\/02\/jackson-artiste-set-768x878.jpg 768w, https:\/\/anahiogona.fpcei.eu\/wp-content\/uploads\/2026\/02\/jackson-artiste-set.jpg 1200w\" sizes=\"auto, (max-width: 896px) 100vw, 896px\" \/><\/figure><\/div>\n\n\n\n<h2 class=\"wp-block-heading\">Patines de nivel avanzado o \u00e9lite:<\/h2>\n\n\n\n<div class=\"wp-block-media-text alignwide is-stacked-on-mobile\" style=\"grid-template-columns:30% auto\"><figure class=\"wp-block-media-text__media\"><img loading=\"lazy\" decoding=\"async\" width=\"896\" height=\"1024\" src=\"https:\/\/anahiogona.fpcei.eu\/wp-content\/uploads\/2026\/02\/edea-piano-con-wilson-gold-seal-896x1024.png\" alt=\"\" class=\"wp-image-96 size-full\" srcset=\"https:\/\/anahiogona.fpcei.eu\/wp-content\/uploads\/2026\/02\/edea-piano-con-wilson-gold-seal-896x1024.png 896w, https:\/\/anahiogona.fpcei.eu\/wp-content\/uploads\/2026\/02\/edea-piano-con-wilson-gold-seal-262x300.png 262w, https:\/\/anahiogona.fpcei.eu\/wp-content\/uploads\/2026\/02\/edea-piano-con-wilson-gold-seal-768x878.png 768w, https:\/\/anahiogona.fpcei.eu\/wp-content\/uploads\/2026\/02\/edea-piano-con-wilson-gold-seal.png 1200w\" sizes=\"auto, (max-width: 896px) 100vw, 896px\" \/><\/figure><div class=\"wp-block-media-text__content\">\n<p>Se compran por separado: bota por un lado y cuchilla por otro. La bota es muy r\u00edgida para soportar saltos dobles, triples e incluso cu\u00e1druples donde las cuchillas son de alta gama, con mejor acero, m\u00e1s afilado y mayor precisi\u00f3n. Usados por patinadores profesionales y de competici\u00f3n.<\/p>\n\n\n\n<p><strong><em>Caracter\u00edsticas t\u00edpicas:<\/em><\/strong><\/p>\n\n\n\n<p>-Personalizaci\u00f3n del ajuste.<\/p>\n\n\n\n<p>-Bota de cuero o materiales t\u00e9cnicos muy resistentes.<\/p>\n\n\n\n<p>-Cuchillas de marcas profesionales (MK, John Wilson\u2026).<\/p>\n<\/div><\/div>\n\n\n\n<div style=\"height:100px\" aria-hidden=\"true\" class=\"wp-block-spacer\"><\/div>\n\n\n\n<div class=\"wp-block-group has-global-padding is-layout-constrained wp-block-group-is-layout-constrained\"><iframe loading=\"lazy\" class=\"embed-pdf-viewer\" src=\"https:\/\/anahiogona.fpcei.eu\/wp-content\/uploads\/2026\/02\/Guia_Completa_Patinaje_Sobre_Hielo.docx-1.pdf\" height=\"755\" width=\"755\" title=\"Guia_Completa_Patinaje_Sobre_Hielo.docx\"><\/iframe><\/div>\n","protected":false},"excerpt":{"rendered":"<p>Patines para principiantes: Suelen venir botas y cuchillas ya montadas. Donde la bota es m\u00e1s blanda para que el pie no sufra y sea m\u00e1s f\u00e1cil aprender. Estas no est\u00e1n pensadas para saltos grandes, solo para aprender a deslizar, frenar y hacer figuras b\u00e1sicas, por lo tanto son m\u00e1s econ\u00f3micos y ideales para ni\u00f1os o [&hellip;]<\/p>\n","protected":false},"author":2,"featured_media":0,"parent":0,"menu_order":0,"comment_status":"closed","ping_status":"closed","template":"","meta":{"footnotes":""},"class_list":["post-93","page","type-page","status-publish","hentry"],"_links":{"self":[{"href":"https:\/\/anahiogona.fpcei.eu\/index.php?rest_route=\/wp\/v2\/pages\/93","targetHints":{"allow":["GET"]}}],"collection":[{"href":"https:\/\/anahiogona.fpcei.eu\/index.php?rest_route=\/wp\/v2\/pages"}],"about":[{"href":"https:\/\/anahiogona.fpcei.eu\/index.php?rest_route=\/wp\/v2\/types\/page"}],"author":[{"embeddable":true,"href":"https:\/\/anahiogona.fpcei.eu\/index.php?rest_route=\/wp\/v2\/users\/2"}],"replies":[{"embeddable":true,"href":"https:\/\/anahiogona.fpcei.eu\/index.php?rest_route=%2Fwp%2Fv2%2Fcomments&post=93"}],"version-history":[{"count":5,"href":"https:\/\/anahiogona.fpcei.eu\/index.php?rest_route=\/wp\/v2\/pages\/93\/revisions"}],"predecessor-version":[{"id":243,"href":"https:\/\/anahiogona.fpcei.eu\/index.php?rest_route=\/wp\/v2\/pages\/93\/revisions\/243"}],"wp:attachment":[{"href":"https:\/\/anahiogona.fpcei.eu\/index.php?rest_route=%2Fwp%2Fv2%2Fmedia&parent=93"}],"curies":[{"name":"wp","href":"https:\/\/api.w.org\/{rel}","templated":true}]}}