{"id":82,"date":"2026-02-08T13:41:01","date_gmt":"2026-02-08T13:41:01","guid":{"rendered":"https:\/\/anahiogona.fpcei.eu\/?page_id=82"},"modified":"2026-02-28T20:42:32","modified_gmt":"2026-02-28T20:42:32","slug":"origen-del-patinaje-sobre-hielo","status":"publish","type":"page","link":"https:\/\/anahiogona.fpcei.eu\/?page_id=82","title":{"rendered":"Origen"},"content":{"rendered":"\n<div class=\"wp-block-media-text alignwide has-media-on-the-right is-stacked-on-mobile is-vertically-aligned-center\" style=\"grid-template-columns:auto 28%\"><div class=\"wp-block-media-text__content\">\n<p class=\"has-large-font-size\">El origen del patinaje sobre hielo se remonta a miles de a\u00f1os atr\u00e1s. Las primeras formas de patinar no ten\u00edan un prop\u00f3sito deportivo, sino pr\u00e1ctico: se utilizaban para desplazarse sobre lagos y r\u00edos congelados durante el invierno. Se han encontrado restos de \u201cpatines\u201d hechos con huesos de animales en zonas del norte de Europa, especialmente en Finlandia, Suecia y los Pa\u00edses Bajos, que datan de alrededor del a\u00f1o 3000 a.C.<br><\/p>\n<\/div><figure class=\"wp-block-media-text__media\"><img loading=\"lazy\" decoding=\"async\" width=\"650\" height=\"462\" src=\"https:\/\/anahiogona.fpcei.eu\/wp-content\/uploads\/2026\/02\/N-ice-Curiositats-del-patinatge-sobre-gel-Patins-formats-per-ossos.jpg\" alt=\"\" class=\"wp-image-88 size-full\" srcset=\"https:\/\/anahiogona.fpcei.eu\/wp-content\/uploads\/2026\/02\/N-ice-Curiositats-del-patinatge-sobre-gel-Patins-formats-per-ossos.jpg 650w, https:\/\/anahiogona.fpcei.eu\/wp-content\/uploads\/2026\/02\/N-ice-Curiositats-del-patinatge-sobre-gel-Patins-formats-per-ossos-300x213.jpg 300w\" sizes=\"auto, (max-width: 650px) 100vw, 650px\" \/><\/figure><\/div>\n\n\n\n<div class=\"wp-block-media-text alignwide is-stacked-on-mobile is-vertically-aligned-center\" style=\"grid-template-columns:37% auto\"><figure class=\"wp-block-media-text__media\"><img loading=\"lazy\" decoding=\"async\" width=\"1024\" height=\"623\" src=\"https:\/\/anahiogona.fpcei.eu\/wp-content\/uploads\/2026\/02\/53997220928_a560889785_b.jpg\" alt=\"\" class=\"wp-image-89 size-full\" srcset=\"https:\/\/anahiogona.fpcei.eu\/wp-content\/uploads\/2026\/02\/53997220928_a560889785_b.jpg 1024w, https:\/\/anahiogona.fpcei.eu\/wp-content\/uploads\/2026\/02\/53997220928_a560889785_b-300x183.jpg 300w, https:\/\/anahiogona.fpcei.eu\/wp-content\/uploads\/2026\/02\/53997220928_a560889785_b-768x467.jpg 768w\" sizes=\"auto, (max-width: 1024px) 100vw, 1024px\" \/><\/figure><div class=\"wp-block-media-text__content\">\n<p class=\"has-medium-font-size\">Con el paso del tiempo, estos patines rudimentarios evolucionaron. En el siglo XIII, en los Pa\u00edses Bajos comenzaron a fabricarse patines con cuchillas de hierro, lo que permiti\u00f3 deslizarse con mayor control y velocidad. Fue en esta regi\u00f3n donde el patinaje empez\u00f3 a verse no s\u00f3lo como un medio de transporte, sino tambi\u00e9n como una actividad recreativa.El patinaje art\u00edstico, tal como lo conocemos hoy, empez\u00f3 a desarrollarse en el siglo XVIII. En 1742 se fund\u00f3 en Edimburgo (Escocia) el primer club de patinaje del mundo. Sin embargo, la figura clave en la evoluci\u00f3n del patinaje art\u00edstico fue Jackson Haines, un estadounidense del siglo XIX que introdujo movimientos m\u00e1s fluidos, giros, saltos y coreograf\u00edas inspiradas en la danza.<\/p>\n<\/div><\/div>\n\n\n\n<div class=\"wp-block-media-text alignwide has-media-on-the-right is-stacked-on-mobile is-vertically-aligned-center\" style=\"grid-template-columns:auto 36%\"><div class=\"wp-block-media-text__content\">\n<p class=\"has-medium-font-size\">Su estilo marc\u00f3 el inicio del patinaje art\u00edstico moderno.A finales del siglo XIX, el deporte comenz\u00f3 a organizarse de manera oficial. En 1892 se cre\u00f3 la Uni\u00f3n Internacional de Patinaje (ISU), que estableci\u00f3 reglas y competiciones. El primer Campeonato Mundial de Patinaje Art\u00edstico se celebr\u00f3 en 1896 en San Petersburgo, aunque s\u00f3lo participaron hombres. Las mujeres compitieron por primera vez en 1906.El patinaje art\u00edstico debut\u00f3 como deporte ol\u00edmpico en los Juegos Ol\u00edmpicos de Verano de 1908, antes de que existieran los Juegos de Invierno.<\/p>\n<\/div><figure class=\"wp-block-media-text__media\"><img loading=\"lazy\" decoding=\"async\" width=\"1024\" height=\"485\" src=\"https:\/\/anahiogona.fpcei.eu\/wp-content\/uploads\/2026\/02\/CoverWebsite2x-1751354030-6338-1024x485.webp\" alt=\"\" class=\"wp-image-90 size-full\" srcset=\"https:\/\/anahiogona.fpcei.eu\/wp-content\/uploads\/2026\/02\/CoverWebsite2x-1751354030-6338-1024x485.webp 1024w, https:\/\/anahiogona.fpcei.eu\/wp-content\/uploads\/2026\/02\/CoverWebsite2x-1751354030-6338-300x142.webp 300w, https:\/\/anahiogona.fpcei.eu\/wp-content\/uploads\/2026\/02\/CoverWebsite2x-1751354030-6338-768x364.webp 768w, https:\/\/anahiogona.fpcei.eu\/wp-content\/uploads\/2026\/02\/CoverWebsite2x-1751354030-6338-1536x728.webp 1536w, https:\/\/anahiogona.fpcei.eu\/wp-content\/uploads\/2026\/02\/CoverWebsite2x-1751354030-6338-2048x971.webp 2048w\" sizes=\"auto, (max-width: 1024px) 100vw, 1024px\" \/><\/figure><\/div>\n\n\n\n<div style=\"height:100px\" aria-hidden=\"true\" class=\"wp-block-spacer\"><\/div>\n\n\n\n<p>M\u00e1s tarde, en 1924, pas\u00f3 a formar parte de los primeros Juegos Ol\u00edmpicos de Invierno celebrados en Chamonix, Francia, consolid\u00e1ndose como una de las disciplinas m\u00e1s populares y seguidas del evento. Desde entonces, el patinaje art\u00edstico ha evolucionado enormemente. La t\u00e9cnica se ha vuelto m\u00e1s compleja, los saltos son cada vez m\u00e1s dif\u00edciles y las coreograf\u00edas combinan elementos de danza, m\u00fasica y expresi\u00f3n art\u00edstica. Hoy en d\u00eda es un deporte global con millones de seguidores y competiciones internacionales de gran prestigio.<\/p>\n\n\n\n<figure class=\"wp-block-image aligncenter size-large is-resized\"><img loading=\"lazy\" decoding=\"async\" width=\"1024\" height=\"439\" src=\"https:\/\/anahiogona.fpcei.eu\/wp-content\/uploads\/2026\/02\/Diseno-sin-titulo-1-1024x439.jpg\" alt=\"\" class=\"wp-image-203\" style=\"width:1000px\" srcset=\"https:\/\/anahiogona.fpcei.eu\/wp-content\/uploads\/2026\/02\/Diseno-sin-titulo-1-1024x439.jpg 1024w, https:\/\/anahiogona.fpcei.eu\/wp-content\/uploads\/2026\/02\/Diseno-sin-titulo-1-300x129.jpg 300w, https:\/\/anahiogona.fpcei.eu\/wp-content\/uploads\/2026\/02\/Diseno-sin-titulo-1-768x329.jpg 768w, https:\/\/anahiogona.fpcei.eu\/wp-content\/uploads\/2026\/02\/Diseno-sin-titulo-1-1536x658.jpg 1536w, https:\/\/anahiogona.fpcei.eu\/wp-content\/uploads\/2026\/02\/Diseno-sin-titulo-1-2048x878.jpg 2048w\" sizes=\"auto, (max-width: 1024px) 100vw, 1024px\" \/><\/figure>\n","protected":false},"excerpt":{"rendered":"<p>El origen del patinaje sobre hielo se remonta a miles de a\u00f1os atr\u00e1s. Las primeras formas de patinar no ten\u00edan un prop\u00f3sito deportivo, sino pr\u00e1ctico: se utilizaban para desplazarse sobre lagos y r\u00edos congelados durante el invierno. Se han encontrado restos de \u201cpatines\u201d hechos con huesos de animales en zonas del norte de Europa, especialmente [&hellip;]<\/p>\n","protected":false},"author":2,"featured_media":0,"parent":0,"menu_order":0,"comment_status":"closed","ping_status":"closed","template":"","meta":{"footnotes":""},"class_list":["post-82","page","type-page","status-publish","hentry"],"_links":{"self":[{"href":"https:\/\/anahiogona.fpcei.eu\/index.php?rest_route=\/wp\/v2\/pages\/82","targetHints":{"allow":["GET"]}}],"collection":[{"href":"https:\/\/anahiogona.fpcei.eu\/index.php?rest_route=\/wp\/v2\/pages"}],"about":[{"href":"https:\/\/anahiogona.fpcei.eu\/index.php?rest_route=\/wp\/v2\/types\/page"}],"author":[{"embeddable":true,"href":"https:\/\/anahiogona.fpcei.eu\/index.php?rest_route=\/wp\/v2\/users\/2"}],"replies":[{"embeddable":true,"href":"https:\/\/anahiogona.fpcei.eu\/index.php?rest_route=%2Fwp%2Fv2%2Fcomments&post=82"}],"version-history":[{"count":5,"href":"https:\/\/anahiogona.fpcei.eu\/index.php?rest_route=\/wp\/v2\/pages\/82\/revisions"}],"predecessor-version":[{"id":242,"href":"https:\/\/anahiogona.fpcei.eu\/index.php?rest_route=\/wp\/v2\/pages\/82\/revisions\/242"}],"wp:attachment":[{"href":"https:\/\/anahiogona.fpcei.eu\/index.php?rest_route=%2Fwp%2Fv2%2Fmedia&parent=82"}],"curies":[{"name":"wp","href":"https:\/\/api.w.org\/{rel}","templated":true}]}}