{"id":208,"date":"2026-02-28T08:49:42","date_gmt":"2026-02-28T08:49:42","guid":{"rendered":"https:\/\/anahiogona.fpcei.eu\/?page_id=208"},"modified":"2026-02-28T08:49:42","modified_gmt":"2026-02-28T08:49:42","slug":"katarina-witt","status":"publish","type":"page","link":"https:\/\/anahiogona.fpcei.eu\/?page_id=208","title":{"rendered":"Katarina Witt"},"content":{"rendered":"\n<p>Katarina Witt naci\u00f3 en Falkensee (Alemania), Katarina Witt empez\u00f3 a patinar sobre hielo a los cinco a\u00f1os. Su talento pronto se hizo evidente y logr\u00f3 entrar en una escuela especial para ni\u00f1os con talento deportivo en Karl-Marx-Stadt. El gran salto de Witt lleg\u00f3 en 1982, cuando qued\u00f3 segunda en el Campeonato Mundial de Copenhague. Su gracia y elegancia cautivaron a todos, y a partir de entonces comenz\u00f3 a dominar el deporte. En los Juegos Ol\u00edmpicos de Invierno de Sarajevo de 1984, Katarina Witt super\u00f3 una re\u00f1ida competici\u00f3n para ganar la medalla de oro en patinaje art\u00edstico femenino. Cuatro a\u00f1os despu\u00e9s, gan\u00f3 una competici\u00f3n a\u00fan m\u00e1s re\u00f1ida. Perdi\u00f3 la competici\u00f3n libre, pero obtuvo la medalla de oro gracias a sus actuaciones en las disciplinas art\u00edsticas obligatorias y el programa corto. Witt fue la primera mujer que repiti\u00f3 su t\u00edtulo en patinaje art\u00edstico femenino desde Sonja Henie. Tras disfrutar del \u00e9xito como actriz, Witt regres\u00f3 al deporte para competir en los Juegos Ol\u00edmpicos de Invierno de Lillehammer de 1994. Qued\u00f3 s\u00e9ptima, pero deleit\u00f3 al p\u00fablico a pesar de no ganar ninguna medalla. Para en 1995 ingresar en el Sal\u00f3n de la Fama del Patinaje Art\u00edstico Mundial.<br><\/p>\n\n\n\n<figure class=\"wp-block-image aligncenter size-large\"><img loading=\"lazy\" decoding=\"async\" width=\"1024\" height=\"575\" src=\"https:\/\/anahiogona.fpcei.eu\/wp-content\/uploads\/2026\/02\/Katarina-1024x575.jpg\" alt=\"\" class=\"wp-image-209\" srcset=\"https:\/\/anahiogona.fpcei.eu\/wp-content\/uploads\/2026\/02\/Katarina-1024x575.jpg 1024w, https:\/\/anahiogona.fpcei.eu\/wp-content\/uploads\/2026\/02\/Katarina-300x169.jpg 300w, https:\/\/anahiogona.fpcei.eu\/wp-content\/uploads\/2026\/02\/Katarina-768x432.jpg 768w, https:\/\/anahiogona.fpcei.eu\/wp-content\/uploads\/2026\/02\/Katarina-1536x863.jpg 1536w, https:\/\/anahiogona.fpcei.eu\/wp-content\/uploads\/2026\/02\/Katarina-2048x1151.jpg 2048w\" sizes=\"auto, (max-width: 1024px) 100vw, 1024px\" \/><\/figure>\n","protected":false},"excerpt":{"rendered":"<p>Katarina Witt naci\u00f3 en Falkensee (Alemania), Katarina Witt empez\u00f3 a patinar sobre hielo a los cinco a\u00f1os. Su talento pronto se hizo evidente y logr\u00f3 entrar en una escuela especial para ni\u00f1os con talento deportivo en Karl-Marx-Stadt. El gran salto de Witt lleg\u00f3 en 1982, cuando qued\u00f3 segunda en el Campeonato Mundial de Copenhague. Su [&hellip;]<\/p>\n","protected":false},"author":2,"featured_media":0,"parent":0,"menu_order":0,"comment_status":"closed","ping_status":"closed","template":"","meta":{"footnotes":""},"class_list":["post-208","page","type-page","status-publish","hentry"],"_links":{"self":[{"href":"https:\/\/anahiogona.fpcei.eu\/index.php?rest_route=\/wp\/v2\/pages\/208","targetHints":{"allow":["GET"]}}],"collection":[{"href":"https:\/\/anahiogona.fpcei.eu\/index.php?rest_route=\/wp\/v2\/pages"}],"about":[{"href":"https:\/\/anahiogona.fpcei.eu\/index.php?rest_route=\/wp\/v2\/types\/page"}],"author":[{"embeddable":true,"href":"https:\/\/anahiogona.fpcei.eu\/index.php?rest_route=\/wp\/v2\/users\/2"}],"replies":[{"embeddable":true,"href":"https:\/\/anahiogona.fpcei.eu\/index.php?rest_route=%2Fwp%2Fv2%2Fcomments&post=208"}],"version-history":[{"count":1,"href":"https:\/\/anahiogona.fpcei.eu\/index.php?rest_route=\/wp\/v2\/pages\/208\/revisions"}],"predecessor-version":[{"id":210,"href":"https:\/\/anahiogona.fpcei.eu\/index.php?rest_route=\/wp\/v2\/pages\/208\/revisions\/210"}],"wp:attachment":[{"href":"https:\/\/anahiogona.fpcei.eu\/index.php?rest_route=%2Fwp%2Fv2%2Fmedia&parent=208"}],"curies":[{"name":"wp","href":"https:\/\/api.w.org\/{rel}","templated":true}]}}