{"id":178,"date":"2026-02-25T10:31:29","date_gmt":"2026-02-25T10:31:29","guid":{"rendered":"https:\/\/anahiogona.fpcei.eu\/?page_id=178"},"modified":"2026-02-25T10:31:29","modified_gmt":"2026-02-25T10:31:29","slug":"sonja-henie","status":"publish","type":"page","link":"https:\/\/anahiogona.fpcei.eu\/?page_id=178","title":{"rendered":"Sonja Henie"},"content":{"rendered":"\n<p class=\"has-text-align-left has-medium-font-size\">Sonja Henie naci\u00f3 en Oslo(Noruega) en 1912, debut\u00f3 en los Juegos Ol\u00edmpicos de Invierno de 1924, en Chamonix. Donde por aquel entonces, solo ten\u00eda 11 a\u00f1os y ten\u00eda que intercalar su rutina de patinaje libre con frecuentes visitas a la banda para preguntarle a su entrenador qu\u00e9 deb\u00eda hacer, aunque qued\u00f3 \u00faltima no se rindi\u00f3. Henie mejor\u00f3 y para 1926 logr\u00f3 el segundo puesto en el Campeonato Mundial. En los Juegos Ol\u00edmpicos de Invierno de St. Moritz de 1928, Henie gan\u00f3 el oro al obtener el primer puesto de seis de los siete jueces. Henie repiti\u00f3 su victoria en 1932, esta vez por unanimidad de los jueces lo cual la volvi\u00f3 m\u00e1s popular e imparable. En los Juegos Ol\u00edmpicos de Invierno de Garmisch-Partenkirchen de 1936, Henie, de 23 a\u00f1os, consigui\u00f3 su tercera medalla de oro. Una semana despu\u00e9s, gan\u00f3 su d\u00e9cimo Campeonato Mundial consecutivo, estableciendo un r\u00e9cord que a\u00fan no se ha superado. Tras completar su carrera competitiva, Henie se dedic\u00f3 al cine, donde se convirti\u00f3 en una de las estrellas m\u00e1s populares de Hollywood. Entre sus pel\u00edculas se incluyen Thin Ice (1937) y Sun Valley Serenade (1941). Henie tambi\u00e9n realiz\u00f3 giras con espectaculares espect\u00e1culos sobre hielo que impulsaron enormemente la popularidad del patinaje art\u00edstico.<br><\/p>\n\n\n\n<div class=\"wp-block-columns is-layout-flex wp-container-core-columns-is-layout-28f84493 wp-block-columns-is-layout-flex\">\n<div class=\"wp-block-column is-layout-flow wp-block-column-is-layout-flow\">\n<figure class=\"wp-block-image size-full\"><img loading=\"lazy\" decoding=\"async\" width=\"500\" height=\"713\" src=\"https:\/\/anahiogona.fpcei.eu\/wp-content\/uploads\/2026\/02\/Sonja_Henie_1936.jpg\" alt=\"\" class=\"wp-image-191\" srcset=\"https:\/\/anahiogona.fpcei.eu\/wp-content\/uploads\/2026\/02\/Sonja_Henie_1936.jpg 500w, https:\/\/anahiogona.fpcei.eu\/wp-content\/uploads\/2026\/02\/Sonja_Henie_1936-210x300.jpg 210w\" sizes=\"auto, (max-width: 500px) 100vw, 500px\" \/><\/figure>\n<\/div>\n\n\n\n<div class=\"wp-block-column is-layout-flow wp-block-column-is-layout-flow\">\n<figure class=\"wp-block-image alignright size-large is-resized\"><img loading=\"lazy\" decoding=\"async\" width=\"826\" height=\"1024\" src=\"https:\/\/anahiogona.fpcei.eu\/wp-content\/uploads\/2026\/02\/SH-826x1024.jpg\" alt=\"\" class=\"wp-image-193\" style=\"width:570px\" srcset=\"https:\/\/anahiogona.fpcei.eu\/wp-content\/uploads\/2026\/02\/SH-826x1024.jpg 826w, https:\/\/anahiogona.fpcei.eu\/wp-content\/uploads\/2026\/02\/SH-242x300.jpg 242w, https:\/\/anahiogona.fpcei.eu\/wp-content\/uploads\/2026\/02\/SH-768x952.jpg 768w, https:\/\/anahiogona.fpcei.eu\/wp-content\/uploads\/2026\/02\/SH.jpg 1000w\" sizes=\"auto, (max-width: 826px) 100vw, 826px\" \/><\/figure>\n<\/div>\n<\/div>\n","protected":false},"excerpt":{"rendered":"<p>Sonja Henie naci\u00f3 en Oslo(Noruega) en 1912, debut\u00f3 en los Juegos Ol\u00edmpicos de Invierno de 1924, en Chamonix. Donde por aquel entonces, solo ten\u00eda 11 a\u00f1os y ten\u00eda que intercalar su rutina de patinaje libre con frecuentes visitas a la banda para preguntarle a su entrenador qu\u00e9 deb\u00eda hacer, aunque qued\u00f3 \u00faltima no se rindi\u00f3. [&hellip;]<\/p>\n","protected":false},"author":2,"featured_media":0,"parent":0,"menu_order":0,"comment_status":"closed","ping_status":"closed","template":"","meta":{"footnotes":""},"class_list":["post-178","page","type-page","status-publish","hentry"],"_links":{"self":[{"href":"https:\/\/anahiogona.fpcei.eu\/index.php?rest_route=\/wp\/v2\/pages\/178","targetHints":{"allow":["GET"]}}],"collection":[{"href":"https:\/\/anahiogona.fpcei.eu\/index.php?rest_route=\/wp\/v2\/pages"}],"about":[{"href":"https:\/\/anahiogona.fpcei.eu\/index.php?rest_route=\/wp\/v2\/types\/page"}],"author":[{"embeddable":true,"href":"https:\/\/anahiogona.fpcei.eu\/index.php?rest_route=\/wp\/v2\/users\/2"}],"replies":[{"embeddable":true,"href":"https:\/\/anahiogona.fpcei.eu\/index.php?rest_route=%2Fwp%2Fv2%2Fcomments&post=178"}],"version-history":[{"count":1,"href":"https:\/\/anahiogona.fpcei.eu\/index.php?rest_route=\/wp\/v2\/pages\/178\/revisions"}],"predecessor-version":[{"id":194,"href":"https:\/\/anahiogona.fpcei.eu\/index.php?rest_route=\/wp\/v2\/pages\/178\/revisions\/194"}],"wp:attachment":[{"href":"https:\/\/anahiogona.fpcei.eu\/index.php?rest_route=%2Fwp%2Fv2%2Fmedia&parent=178"}],"curies":[{"name":"wp","href":"https:\/\/api.w.org\/{rel}","templated":true}]}}